{"id":8442,"date":"2020-07-13T10:46:21","date_gmt":"2020-07-13T16:46:21","guid":{"rendered":"https:\/\/nursefamilypartnership.gtstaging.com\/?page_id=8442"},"modified":"2020-07-16T16:50:10","modified_gmt":"2020-07-16T22:50:10","slug":"first-time-moms","status":"publish","type":"page","link":"https:\/\/nursefamilypartnership.gtstaging.com\/es\/first-time-moms\/","title":{"rendered":"Apoyo a las madres de primera vez"},"content":{"rendered":"<p>Con tu enfermera personal gratis de Nurse-Family Partnership (NFP), recibir\u00e1s el apoyo, los consejos y la informaci\u00f3n que necesitas durante tu embarazo y hasta que tu beb\u00e9 cumpla dos a\u00f1os de edad.<\/p>\r\n<p>La asociaci\u00f3n entre enfermeras y familias puede hacer que eso suceda. Las madres que est\u00e1n embarazadas por primera vez, de 28 semanas o menos, cumplen con los requisitos de ingresos y viven en un \u00e1rea de servicio son elegibles para recibir ayuda gratuita de una enfermera personal que vendr\u00e1 a su casa para ofrecer consejos, apoyo y una buena carcajada cuando m\u00e1s lo necesite a trav\u00e9s de su embarazo y hasta tu beb\u00e9 tiene 2 a\u00f1os.<\/p>\r\n<p>Tienes que ser madre primeriza con menos de 29 semanas de embarazo, pero a tu enfermera le encantar\u00eda trabajar contigo lo antes posible durante tu embarazo. Tambi\u00e9n hay que cumplir con un requisito de ingresos.<\/p>\r\n<p>Llamada o texto <a href=\"tel:18446376667\">(844) 637-6667<\/a><\/p>\r\n<p class=\"asterisk\">* Exenci\u00f3n de responsabilidad para embarazadas 28 semanas o menos: algunas excepciones pueden aplicarse por favor consulte con su agencia local de Asociaci\u00f3n de enfermeras y familias para obtener m\u00e1s informaci\u00f3n.<\/p><p><\/p>","protected":false},"excerpt":{"rendered":"<p>Con tu enfermera personal gratis de Nurse-Family Partnership (NFP), recibir\u00e1s el apoyo, los consejos y la informaci\u00f3n que necesitas durante tu embarazo y hasta que tu beb\u00e9 cumpla dos a\u00f1os de edad. La asociaci\u00f3n entre enfermeras y familias puede hacer que eso suceda. Las madres que est\u00e1n embarazadas por primera vez, de 28 semanas o &hellip; <a href=\"https:\/\/nursefamilypartnership.gtstaging.com\/es\/first-time-moms\/\">Continued<\/a><\/p>\n","protected":false},"author":1,"featured_media":8447,"parent":0,"menu_order":0,"comment_status":"closed","ping_status":"closed","template":"template-first-time-moms.php","meta":{"_acf_changed":false,"_eb_attr":"","footnotes":""},"class_list":["post-8442","page","type-page","status-publish","has-post-thumbnail","hentry"],"acf":[],"yoast_head":"<!-- This site is optimized with the Yoast SEO plugin v25.0 - https:\/\/yoast.com\/wordpress\/plugins\/seo\/ -->\n<title>Apoyo a las madres de primera vez - Nurse-Family Partnership<\/title>\n<meta name=\"robots\" content=\"noindex, follow, max-snippet:-1, max-image-preview:large, max-video-preview:-1\" \/>\n<meta property=\"og:locale\" content=\"es_ES\" \/>\n<meta property=\"og:type\" content=\"article\" \/>\n<meta property=\"og:title\" content=\"Apoyo a las madres de primera vez - Nurse-Family Partnership\" \/>\n<meta property=\"og:description\" content=\"Con tu enfermera personal gratis de Nurse-Family Partnership (NFP), recibir\u00e1s el apoyo, los consejos y la informaci\u00f3n que necesitas durante tu embarazo y hasta que tu beb\u00e9 cumpla dos a\u00f1os de edad. La asociaci\u00f3n entre enfermeras y familias puede hacer que eso suceda. Las madres que est\u00e1n embarazadas por primera vez, de 28 semanas o &hellip; Continued\" \/>\n<meta property=\"og:url\" content=\"https:\/\/nursefamilypartnership.gtstaging.com\/es\/first-time-moms\/\" \/>\n<meta property=\"og:site_name\" content=\"Nurse-Family Partnership\" \/>\n<meta property=\"article:modified_time\" content=\"2020-07-16T22:50:10+00:00\" \/>\n<meta property=\"og:image\" content=\"https:\/\/nursefamilypartnership.gtstaging.com\/wp-content\/uploads\/2017\/01\/Polka-Belly.jpg\" \/>\n\t<meta property=\"og:image:width\" content=\"1400\" \/>\n\t<meta property=\"og:image:height\" content=\"954\" \/>\n\t<meta property=\"og:image:type\" content=\"image\/jpeg\" \/>\n<meta name=\"twitter:card\" content=\"summary_large_image\" \/>\n<meta name=\"twitter:label1\" content=\"Tiempo de lectura\" \/>\n\t<meta name=\"twitter:data1\" content=\"1 minuto\" \/>\n<script type=\"application\/ld+json\" class=\"yoast-schema-graph\">{\"@context\":\"https:\/\/schema.org\",\"@graph\":[{\"@type\":\"WebPage\",\"@id\":\"https:\/\/nursefamilypartnership.gtstaging.com\/es\/first-time-moms\/\",\"url\":\"https:\/\/nursefamilypartnership.gtstaging.com\/es\/first-time-moms\/\",\"name\":\"Apoyo a las madres de primera vez - Nurse-Family Partnership\",\"isPartOf\":{\"@id\":\"https:\/\/nursefamilypartnership.gtstaging.com\/#website\"},\"primaryImageOfPage\":{\"@id\":\"https:\/\/nursefamilypartnership.gtstaging.com\/es\/first-time-moms\/#primaryimage\"},\"image\":{\"@id\":\"https:\/\/nursefamilypartnership.gtstaging.com\/es\/first-time-moms\/#primaryimage\"},\"thumbnailUrl\":\"https:\/\/nursefamilypartnership.gtstaging.com\/wp-content\/uploads\/2017\/01\/Polka-Belly.jpg\",\"datePublished\":\"2020-07-13T16:46:21+00:00\",\"dateModified\":\"2020-07-16T22:50:10+00:00\",\"breadcrumb\":{\"@id\":\"https:\/\/nursefamilypartnership.gtstaging.com\/es\/first-time-moms\/#breadcrumb\"},\"inLanguage\":\"es\",\"potentialAction\":[{\"@type\":\"ReadAction\",\"target\":[\"https:\/\/nursefamilypartnership.gtstaging.com\/es\/first-time-moms\/\"]}]},{\"@type\":\"ImageObject\",\"inLanguage\":\"es\",\"@id\":\"https:\/\/nursefamilypartnership.gtstaging.com\/es\/first-time-moms\/#primaryimage\",\"url\":\"https:\/\/nursefamilypartnership.gtstaging.com\/wp-content\/uploads\/2017\/01\/Polka-Belly.jpg\",\"contentUrl\":\"https:\/\/nursefamilypartnership.gtstaging.com\/wp-content\/uploads\/2017\/01\/Polka-Belly.jpg\",\"width\":1400,\"height\":954,\"caption\":\"belly\"},{\"@type\":\"BreadcrumbList\",\"@id\":\"https:\/\/nursefamilypartnership.gtstaging.com\/es\/first-time-moms\/#breadcrumb\",\"itemListElement\":[{\"@type\":\"ListItem\",\"position\":1,\"name\":\"Home\",\"item\":\"https:\/\/nursefamilypartnership.gtstaging.com\/\"},{\"@type\":\"ListItem\",\"position\":2,\"name\":\"Apoyo a las madres de primera vez\"}]},{\"@type\":\"WebSite\",\"@id\":\"https:\/\/nursefamilypartnership.gtstaging.com\/#website\",\"url\":\"https:\/\/nursefamilypartnership.gtstaging.com\/\",\"name\":\"Nurse-Family Partnership\",\"description\":\"Helping First-Time Parents Succeed\",\"potentialAction\":[{\"@type\":\"SearchAction\",\"target\":{\"@type\":\"EntryPoint\",\"urlTemplate\":\"https:\/\/nursefamilypartnership.gtstaging.com\/?s={search_term_string}\"},\"query-input\":{\"@type\":\"PropertyValueSpecification\",\"valueRequired\":true,\"valueName\":\"search_term_string\"}}],\"inLanguage\":\"es\"}]}<\/script>\n<!-- \/ Yoast SEO plugin. -->","yoast_head_json":{"title":"Apoyo a las madres de primera vez - Nurse-Family Partnership","robots":{"index":"noindex","follow":"follow","max-snippet":"max-snippet:-1","max-image-preview":"max-image-preview:large","max-video-preview":"max-video-preview:-1"},"og_locale":"es_ES","og_type":"article","og_title":"Apoyo a las madres de primera vez - Nurse-Family Partnership","og_description":"Con tu enfermera personal gratis de Nurse-Family Partnership (NFP), recibir\u00e1s el apoyo, los consejos y la informaci\u00f3n que necesitas durante tu embarazo y hasta que tu beb\u00e9 cumpla dos a\u00f1os de edad. La asociaci\u00f3n entre enfermeras y familias puede hacer que eso suceda. Las madres que est\u00e1n embarazadas por primera vez, de 28 semanas o &hellip; Continued","og_url":"https:\/\/nursefamilypartnership.gtstaging.com\/es\/first-time-moms\/","og_site_name":"Nurse-Family Partnership","article_modified_time":"2020-07-16T22:50:10+00:00","og_image":[{"width":1400,"height":954,"url":"https:\/\/nursefamilypartnership.gtstaging.com\/wp-content\/uploads\/2017\/01\/Polka-Belly.jpg","type":"image\/jpeg"}],"twitter_card":"summary_large_image","twitter_misc":{"Tiempo de lectura":"1 minuto"},"schema":{"@context":"https:\/\/schema.org","@graph":[{"@type":"WebPage","@id":"https:\/\/nursefamilypartnership.gtstaging.com\/es\/first-time-moms\/","url":"https:\/\/nursefamilypartnership.gtstaging.com\/es\/first-time-moms\/","name":"Apoyo a las madres de primera vez - Nurse-Family Partnership","isPartOf":{"@id":"https:\/\/nursefamilypartnership.gtstaging.com\/#website"},"primaryImageOfPage":{"@id":"https:\/\/nursefamilypartnership.gtstaging.com\/es\/first-time-moms\/#primaryimage"},"image":{"@id":"https:\/\/nursefamilypartnership.gtstaging.com\/es\/first-time-moms\/#primaryimage"},"thumbnailUrl":"https:\/\/nursefamilypartnership.gtstaging.com\/wp-content\/uploads\/2017\/01\/Polka-Belly.jpg","datePublished":"2020-07-13T16:46:21+00:00","dateModified":"2020-07-16T22:50:10+00:00","breadcrumb":{"@id":"https:\/\/nursefamilypartnership.gtstaging.com\/es\/first-time-moms\/#breadcrumb"},"inLanguage":"es","potentialAction":[{"@type":"ReadAction","target":["https:\/\/nursefamilypartnership.gtstaging.com\/es\/first-time-moms\/"]}]},{"@type":"ImageObject","inLanguage":"es","@id":"https:\/\/nursefamilypartnership.gtstaging.com\/es\/first-time-moms\/#primaryimage","url":"https:\/\/nursefamilypartnership.gtstaging.com\/wp-content\/uploads\/2017\/01\/Polka-Belly.jpg","contentUrl":"https:\/\/nursefamilypartnership.gtstaging.com\/wp-content\/uploads\/2017\/01\/Polka-Belly.jpg","width":1400,"height":954,"caption":"belly"},{"@type":"BreadcrumbList","@id":"https:\/\/nursefamilypartnership.gtstaging.com\/es\/first-time-moms\/#breadcrumb","itemListElement":[{"@type":"ListItem","position":1,"name":"Home","item":"https:\/\/nursefamilypartnership.gtstaging.com\/"},{"@type":"ListItem","position":2,"name":"Apoyo a las madres de primera vez"}]},{"@type":"WebSite","@id":"https:\/\/nursefamilypartnership.gtstaging.com\/#website","url":"https:\/\/nursefamilypartnership.gtstaging.com\/","name":"Nurse-Family Partnership","description":"Helping First-Time Parents Succeed","potentialAction":[{"@type":"SearchAction","target":{"@type":"EntryPoint","urlTemplate":"https:\/\/nursefamilypartnership.gtstaging.com\/?s={search_term_string}"},"query-input":{"@type":"PropertyValueSpecification","valueRequired":true,"valueName":"search_term_string"}}],"inLanguage":"es"}]}},"_links":{"self":[{"href":"https:\/\/nursefamilypartnership.gtstaging.com\/es\/wp-json\/wp\/v2\/pages\/8442","targetHints":{"allow":["GET"]}}],"collection":[{"href":"https:\/\/nursefamilypartnership.gtstaging.com\/es\/wp-json\/wp\/v2\/pages"}],"about":[{"href":"https:\/\/nursefamilypartnership.gtstaging.com\/es\/wp-json\/wp\/v2\/types\/page"}],"author":[{"embeddable":true,"href":"https:\/\/nursefamilypartnership.gtstaging.com\/es\/wp-json\/wp\/v2\/users\/1"}],"replies":[{"embeddable":true,"href":"https:\/\/nursefamilypartnership.gtstaging.com\/es\/wp-json\/wp\/v2\/comments?post=8442"}],"version-history":[{"count":3,"href":"https:\/\/nursefamilypartnership.gtstaging.com\/es\/wp-json\/wp\/v2\/pages\/8442\/revisions"}],"predecessor-version":[{"id":8508,"href":"https:\/\/nursefamilypartnership.gtstaging.com\/es\/wp-json\/wp\/v2\/pages\/8442\/revisions\/8508"}],"wp:featuredmedia":[{"embeddable":true,"href":"https:\/\/nursefamilypartnership.gtstaging.com\/es\/wp-json\/wp\/v2\/media\/8447"}],"wp:attachment":[{"href":"https:\/\/nursefamilypartnership.gtstaging.com\/es\/wp-json\/wp\/v2\/media?parent=8442"}],"curies":[{"name":"wp","href":"https:\/\/api.w.org\/{rel}","templated":true}]}}